{"id":48,"date":"2024-01-30T18:26:42","date_gmt":"2024-01-30T18:26:42","guid":{"rendered":"http:\/\/localhost\/clients\/cmc\/?page_id=48"},"modified":"2024-01-31T01:40:15","modified_gmt":"2024-01-31T01:40:15","slug":"servicios","status":"publish","type":"page","link":"https:\/\/cuernavacacmc.com\/index.php\/servicios\/","title":{"rendered":"Servicios"},"content":{"rendered":"\n<div class=\"wp-block-media-text is-stacked-on-mobile\"><figure class=\"wp-block-media-text__media\"><img decoding=\"async\" src=\"http:\/\/localhost\/clients\/cmc\/wp-content\/uploads\/2024\/01\/medicina-interna-1024x752.jpg\" alt=\"\" class=\"wp-image-57 size-full\"\/><\/figure><div class=\"wp-block-media-text__content\">\n<h1 class=\"wp-block-heading has-text-align-right\">Medicina interna<\/h1>\n<\/div><\/div>\n\n\n\n<div class=\"wp-block-media-text has-media-on-the-right is-stacked-on-mobile\"><div class=\"wp-block-media-text__content\">\n<h1 class=\"wp-block-heading\">Geriatr\u00eda<\/h1>\n<\/div><figure class=\"wp-block-media-text__media\"><img decoding=\"async\" src=\"http:\/\/localhost\/clients\/cmc\/wp-content\/uploads\/2024\/01\/Geriatria-1024x765.jpg\" alt=\"\" class=\"wp-image-54 size-full\"\/><\/figure><\/div>\n\n\n\n<div class=\"wp-block-media-text is-stacked-on-mobile\"><figure class=\"wp-block-media-text__media\"><img decoding=\"async\" src=\"http:\/\/localhost\/clients\/cmc\/wp-content\/uploads\/2024\/01\/Cardiologia-1024x752.jpg\" alt=\"\" class=\"wp-image-52 size-full\"\/><\/figure><div class=\"wp-block-media-text__content\">\n<h1 class=\"wp-block-heading has-text-align-right\">Cardiolog\u00eda<\/h1>\n<\/div><\/div>\n\n\n\n<div style=\"height:20px\" aria-hidden=\"true\" class=\"wp-block-spacer\"><\/div>\n\n\n<div id=\"pl-gb48-69e8a5487c8f0\"  class=\"panel-layout\" ><div id=\"pg-gb48-69e8a5487c8f0-0\"  class=\"panel-grid panel-has-style\" ><div class=\"siteorigin-panels-stretch panel-row-style-full-width panel-row-style panel-row-style-for-gb48-69e8a5487c8f0-0\" style=\"background-color: #1f92bb; \" data-stretch-type=\"full-width-stretch\" ><div id=\"pgc-gb48-69e8a5487c8f0-0-0\"  class=\"panel-grid-cell\" ><div id=\"panel-gb48-69e8a5487c8f0-0-0-0\" class=\"so-panel widget widget_headline-widget panel-first-child panel-last-child\" data-index=\"0\" ><div class=\"panel-widget-style panel-widget-style-for-gb48-69e8a5487c8f0-0-0-0\" >\t\t<h1>Estamos para servirle<\/h1>\n\t\t<div class=\"decoration\"><div class=\"decoration-inside\"><\/div><\/div>\n\t\t<h3><\/h3>\n\t\t<\/div><\/div><\/div><\/div><\/div><\/div>\n\n\n<div style=\"height:45px\" aria-hidden=\"true\" class=\"wp-block-spacer\"><\/div>\n\n\n\n<div class=\"wp-block-media-text has-media-on-the-right is-stacked-on-mobile\"><div class=\"wp-block-media-text__content\">\n<h1 class=\"wp-block-heading\">Odontolog\u00eda<\/h1>\n<\/div><figure class=\"wp-block-media-text__media\"><img decoding=\"async\" src=\"http:\/\/localhost\/clients\/cmc\/wp-content\/uploads\/2024\/01\/Odontologia-1024x752.jpg\" alt=\"\" class=\"wp-image-60 size-full\"\/><\/figure><\/div>\n\n\n\n<div class=\"wp-block-media-text is-stacked-on-mobile\"><figure class=\"wp-block-media-text__media\"><img decoding=\"async\" src=\"http:\/\/localhost\/clients\/cmc\/wp-content\/uploads\/2024\/01\/Reumatologia-1024x752.jpg\" alt=\"\" class=\"wp-image-61 size-full\"\/><\/figure><div class=\"wp-block-media-text__content\">\n<h1 class=\"wp-block-heading has-text-align-right\">Reumatolog\u00eda<\/h1>\n<\/div><\/div>\n\n\n\n<div class=\"wp-block-media-text has-media-on-the-right is-stacked-on-mobile\"><div class=\"wp-block-media-text__content\">\n<h1 class=\"wp-block-heading\">Gastroenterolog\u00eda<\/h1>\n<\/div><figure class=\"wp-block-media-text__media\"><img decoding=\"async\" src=\"http:\/\/localhost\/clients\/cmc\/wp-content\/uploads\/2024\/01\/Gastroenterologia-1024x592.jpg\" alt=\"\" class=\"wp-image-53 size-full\"\/><\/figure><\/div>\n\n\n\n<div style=\"height:20px\" aria-hidden=\"true\" class=\"wp-block-spacer\"><\/div>\n\n\n<div id=\"pl-gb48-69e8a5487d223\"  class=\"panel-layout\" ><div id=\"pg-gb48-69e8a5487d223-0\"  class=\"panel-grid panel-has-style\" ><div class=\"siteorigin-panels-stretch panel-row-style-full-width panel-row-style panel-row-style-for-gb48-69e8a5487d223-0\" style=\"background-color: #1f92bb; \" data-stretch-type=\"full-width-stretch\" ><div id=\"pgc-gb48-69e8a5487d223-0-0\"  class=\"panel-grid-cell\" ><div id=\"panel-gb48-69e8a5487d223-0-0-0\" class=\"so-panel widget widget_headline-widget panel-first-child panel-last-child\" data-index=\"0\" ><div class=\"panel-widget-style panel-widget-style-for-gb48-69e8a5487d223-0-0-0\" >\t\t<h1>Todo lo que necesita<\/h1>\n\t\t<div class=\"decoration\"><div class=\"decoration-inside\"><\/div><\/div>\n\t\t<h3><\/h3>\n\t\t<\/div><\/div><\/div><\/div><\/div><\/div>\n\n\n<div style=\"height:45px\" aria-hidden=\"true\" class=\"wp-block-spacer\"><\/div>\n\n\n\n<div class=\"wp-block-media-text is-stacked-on-mobile\"><figure class=\"wp-block-media-text__media\"><img decoding=\"async\" src=\"http:\/\/localhost\/clients\/cmc\/wp-content\/uploads\/2024\/01\/Ginecologia-1024x680.jpg\" alt=\"\" class=\"wp-image-55 size-full\"\/><\/figure><div class=\"wp-block-media-text__content\">\n<h1 class=\"wp-block-heading has-text-align-right\">Ginecolog\u00eda<\/h1>\n<\/div><\/div>\n\n\n\n<div class=\"wp-block-media-text has-media-on-the-right is-stacked-on-mobile\"><div class=\"wp-block-media-text__content\">\n<h1 class=\"wp-block-heading\">Neurolog\u00eda<\/h1>\n<\/div><figure class=\"wp-block-media-text__media\"><img decoding=\"async\" src=\"http:\/\/localhost\/clients\/cmc\/wp-content\/uploads\/2024\/01\/Neurologia-1024x752.jpg\" alt=\"\" class=\"wp-image-59 size-full\"\/><\/figure><\/div>\n\n\n\n<div class=\"wp-block-media-text is-stacked-on-mobile\"><figure class=\"wp-block-media-text__media\"><img decoding=\"async\" src=\"http:\/\/localhost\/clients\/cmc\/wp-content\/uploads\/2024\/01\/Neumologia-1024x752.jpg\" alt=\"\" class=\"wp-image-58 size-full\"\/><\/figure><div class=\"wp-block-media-text__content\">\n<h1 class=\"wp-block-heading has-text-align-right\">Neumolog\u00eda<\/h1>\n<\/div><\/div>\n\n\n\n<div class=\"wp-block-media-text has-media-on-the-right is-stacked-on-mobile\"><div class=\"wp-block-media-text__content\">\n<h1 class=\"wp-block-heading\">Laboratorio<\/h1>\n<\/div><figure class=\"wp-block-media-text__media\"><img decoding=\"async\" src=\"http:\/\/localhost\/clients\/cmc\/wp-content\/uploads\/2024\/01\/Laboratorio-1024x645.jpg\" alt=\"\" class=\"wp-image-56 size-full\"\/><\/figure><\/div>\n\n\n\n<h1 class=\"wp-block-heading has-text-align-center\">Y m\u00e1s&#8230;&#8230;<\/h1>\n","protected":false},"excerpt":{"rendered":"<p>Medicina interna Geriatr\u00eda Cardiolog\u00eda Odontolog\u00eda Reumatolog\u00eda Gastroenterolog\u00eda Ginecolog\u00eda Neurolog\u00eda Neumolog\u00eda Laboratorio Y m\u00e1s&#8230;&#8230;<\/p>\n","protected":false},"author":1,"featured_media":0,"parent":0,"menu_order":0,"comment_status":"closed","ping_status":"closed","template":"","meta":{"om_disable_all_campaigns":false,"footnotes":""},"class_list":["post-48","page","type-page","status-publish","hentry","post"],"aioseo_notices":[],"_links":{"self":[{"href":"https:\/\/cuernavacacmc.com\/index.php\/wp-json\/wp\/v2\/pages\/48","targetHints":{"allow":["GET"]}}],"collection":[{"href":"https:\/\/cuernavacacmc.com\/index.php\/wp-json\/wp\/v2\/pages"}],"about":[{"href":"https:\/\/cuernavacacmc.com\/index.php\/wp-json\/wp\/v2\/types\/page"}],"author":[{"embeddable":true,"href":"https:\/\/cuernavacacmc.com\/index.php\/wp-json\/wp\/v2\/users\/1"}],"replies":[{"embeddable":true,"href":"https:\/\/cuernavacacmc.com\/index.php\/wp-json\/wp\/v2\/comments?post=48"}],"version-history":[{"count":1,"href":"https:\/\/cuernavacacmc.com\/index.php\/wp-json\/wp\/v2\/pages\/48\/revisions"}],"predecessor-version":[{"id":86,"href":"https:\/\/cuernavacacmc.com\/index.php\/wp-json\/wp\/v2\/pages\/48\/revisions\/86"}],"wp:attachment":[{"href":"https:\/\/cuernavacacmc.com\/index.php\/wp-json\/wp\/v2\/media?parent=48"}],"curies":[{"name":"wp","href":"https:\/\/api.w.org\/{rel}","templated":true}]}}